{"id":87,"date":"2023-09-12T15:54:18","date_gmt":"2023-09-12T15:54:18","guid":{"rendered":"https:\/\/clases.vip\/sistemadiabetes\/?page_id=87"},"modified":"2023-09-12T15:56:31","modified_gmt":"2023-09-12T15:56:31","slug":"responsabilidad","status":"publish","type":"page","link":"https:\/\/clases.vip\/sistemadiabetes\/responsabilidad\/","title":{"rendered":"Responsabilidad"},"content":{"rendered":"<h1 style=\"text-align: center;\">Responsabilidad<\/h1>\n<p>Sistema Diabetes.com (\u00abSistema Diabetes\u00bb) es propiedad de, y es operado por, Sistema Diabetes LLC y\/o sus empresas vinculadas.Nuestra pol\u00edtica es crear productos asombrosos y mantener a nuestros clientes y prospectos con un alto grado de satisfacci\u00f3n. Nunca haremos nada que pueda enga\u00f1arlo o decepcionarlo, no le enviaremos spam o le espiaremos y jam\u00e1s compartiremos su informaci\u00f3n con ning\u00fan tercero.B\u00e1sicamente, somos una empresa honesta y de la cual estar\u00edamos encantados de contarle a nuestra mam\u00e1 (o a la suya) acerca de todo lo que hacemos, ya que no tenemos nada que ocultar o avergonzarnos.Debajo encontrara un mont\u00f3n de letras legales, que est\u00e1n dise\u00f1adas para proteger nuestra empresa en todas las formas posibles, en caso de que a alguien se le meta en la cabeza demandarnos para sacar partido de nuestras creaciones.<strong>Renuncia de responsabilidad legal<\/strong>En ocasiones el sitio web puede contener publicidad, contenido patrocinado, inserciones pagadas, enlaces de afiliado o cualquier otra forma de monetizaci\u00f3n que aporte valor a nuestros visitantes.Sistema Diabetes cumple con los est\u00e1ndares del marketing de voz a voz. Creemos en la honestidad de relaci\u00f3n, en la opini\u00f3n y en la identidad. La compensaci\u00f3n recibida puede influir en el contenido de la publicidad, temas o publicaciones realizadas en este blog. Tal contenido, espacio publicitario o publicaci\u00f3n se identificar\u00e1 claramente como contenido pagado o patrocinado.En algunas ocasiones podemos ser compensados directamente por proporcionar opini\u00f3n sobre productos, servicios, sitios web y otros temas diversos de los cuales podamos escribir, grabar en audio o en v\u00eddeo.Los puntos de vista y opiniones expresadas en este sitio web son netamente pertenecientes al\/los autores.Si afirmamos o parecemos ser expertos en un determinado tema, producto o servicio, tenga muy presente que s\u00f3lo respaldaremos productos o servicios en los que creamos y tengamos absoluta certeza que ofrecen calidad y que basados en nuestra experiencia sean dignos de tal aval.Cualquier declaraci\u00f3n de producto, estad\u00edstica, presupuesto u otra representaci\u00f3n sobre un producto o servicio debe ser verificada con el fabricante o proveedor.Este sitio no contiene ni pretende crear contenidos que puedan generar conflictos de intereses.La informaci\u00f3n contenida en este sitio web es para prop\u00f3sitos de informaci\u00f3n general. La informaci\u00f3n es proporcionada por Sistema Diabetes y mientras nos esforzamos por mantener la informaci\u00f3n actualizada y correcta, no hacemos ninguna representaci\u00f3n o garant\u00eda de ning\u00fan tipo, expresa o impl\u00edcita, acerca de la integridad, exactitud, fiabilidad, adecuaci\u00f3n o disponibilidad con respecto a la p\u00e1gina web, la informaci\u00f3n, los productos, los servicios o gr\u00e1ficos (entre otros, textos, im\u00e1genes, audio y video) relacionados que hacen parte de los contenidos en el sitio web para cualquier prop\u00f3sito.Cualquier apoyo que se coloca en la informaci\u00f3n es, por tanto, estrictamente a su propio riesgo.En ning\u00fan caso seremos responsables por cualquier p\u00e9rdida o da\u00f1o, incluyendo sin limitaci\u00f3n, p\u00e9rdida indirecta o consecuente o da\u00f1o, o cualquier p\u00e9rdida o da\u00f1o derivado de la p\u00e9rdida de datos o beneficios que surjan de o en conexi\u00f3n con el uso de este sitio web.A trav\u00e9s de este sitio web podemos crear enlaces hacia otros sitios web que no est\u00e1n bajo el control de Sistema Diabetes.No tenemos ning\u00fan control sobre la naturaleza, contenido y disponibilidad de dichos sitios. La inclusi\u00f3n de cualquier enlace no implica necesariamente una recomendaci\u00f3n o estar acuerdo con las opiniones expresadas en ellos.Se hace todo esfuerzo para mantener el sitio web en marcha y funcionando sin problemas. Sin embargo, Sistema Diabetes no asume ninguna responsabilidad, y no ser\u00e1 responsable por el sitio web cuando est\u00e1 temporalmente fuera de servicio debido a problemas t\u00e9cnicos fuera de nuestro control.<strong>Pol\u00edtica de correo electr\u00f3nico<\/strong>Estamos comprometidos a mantener su direcci\u00f3n de correo electr\u00f3nico de forma confidencial. No vendemos, alquilamos o arrendamos nuestras listas de suscripci\u00f3n a terceros y no proporcionaremos su informaci\u00f3n personal a terceros, agencias gubernamentales o compa\u00f1\u00edas en ning\u00fan momento a menos que la ley lo obligue.Utilizaremos su direcci\u00f3n de correo electr\u00f3nico \u00fanicamente para proporcionar informaci\u00f3n oportuna sobre Sistema Diabetes. Sistema Diabetes mantendr\u00e1 la informaci\u00f3n que env\u00ede por correo electr\u00f3nico de acuerdo con la ley federal aplicable.<strong>Cumplimento de CAN-SPAM<\/strong>De conformidad con la Ley CAN-SPAM, todos los correos electr\u00f3nicos enviados desde nuestra organizaci\u00f3n indicar\u00e1n claramente de qui\u00e9n es el correo electr\u00f3nico y proporcionan informaci\u00f3n clara sobre c\u00f3mo ponerse en contacto con el remitente. Adem\u00e1s, todos los mensajes de correo electr\u00f3nico tambi\u00e9n contendr\u00e1n informaci\u00f3n concisa sobre c\u00f3mo retirarse de nuestra lista de correo para que no reciba ninguna otra comunicaci\u00f3n por correo electr\u00f3nico de nuestra parte.<strong>Elecci\u00f3n de desuscripci\u00f3n<\/strong>Nuestro sitio ofrece a los usuarios la oportunidad de optar por no recibir comunicaciones de nosotros y de nuestros socios al leer las instrucciones de cancelaci\u00f3n de suscripci\u00f3n que se encuentran en la parte inferior de cualquier correo electr\u00f3nico que reciban de nosotros en cualquier momento.Los usuarios que ya no desean recibir nuestro bolet\u00edn informativo o material promocional pueden optar por no recibir estas comunicaciones haciendo clic en el enlace de cancelaci\u00f3n de suscripci\u00f3n en el correo electr\u00f3nico.<strong>Descargo de responsabilidad de Google AdWords<\/strong>Este descargo de responsabilidad establece que no hay garant\u00eda de resultados espec\u00edficos y los resultados de cada persona pueden variar.Sin embargo, Sistema Diabetes le reembolsar\u00e1 el monto total del dinero si usa cualquiera de nuestros productos y no ve resultados medibles en el control, restauraci\u00f3n o eliminaci\u00f3n del problema que lo motivo a adquirirlos; o en caso de no estar satisfecho con el producto que compr\u00f3 .<strong>Pol\u00edtica Anti-Spam<\/strong>Sistema Diabetes proh\u00edbe el uso de su(s) sitio(s) web y\/o servicios de cualquier forma asociada con la transmisi\u00f3n, distribuci\u00f3n o entrega de cualquier correo electr\u00f3nico comercial o correo electr\u00f3nico no solicitado (\u00abSpam\u00bb). Usted no puede utilizar ninguno de los servicios de Sistema Diabetes para enviar Spam. Tampoco puede entregar Spam o hacer que Spams lleguen a clientes de Sistema Diabetes.De conformidad con la Ley CAN-SPAM de 2003 (15 USC 7701 y siguientes, Ley P\u00fablica N\u00ba 108-187, fue el S.877 del 108\u00ba Congreso de los Estados Unidos), el correo electr\u00f3nico enviado o programado, a trav\u00e9s del sitio web o de los sitios web que prestan servicios bajo Sistema Diabetes no puede(n):<\/p>\n<p>Utilizar o contener informaci\u00f3n de encabezados falsa o enga\u00f1osa;<\/p>\n<p>Utilizar o contener nombres de dominio inv\u00e1lidos o inexistentes;<\/p>\n<p>Emplear cualquier t\u00e9cnica para falsificar, ocultar o disfrazar informaci\u00f3n en la identificaci\u00f3n del punto de origen o la v\u00eda de transmisi\u00f3n;<\/p>\n<p>Utilizar otros medios de direcci\u00f3n enga\u00f1osa;<\/p>\n<p>Utilizar el nombre de dominio de Internet de un tercero o ser retransmitido desde o por medio de un equipo de terceros, sin el permiso del tercero;<\/p>\n<p>Contener informaci\u00f3n falsa o enga\u00f1osa en la l\u00ednea de asunto o contener contenido falso o enga\u00f1oso;<\/p>\n<p>No cumplen con las normas t\u00e9cnicas adicionales descritas a continuaci\u00f3n.<\/p>\n<p>De lo contrario violan nuestros t\u00e9rminos de uso.<\/p>\n<p>Utilizar el servicio de correo electr\u00f3nico en conexi\u00f3n con \u00abcadenas decorreos\u00bb (m\u00faltiple fordwarding), correo basura (junk mail), spamming, publicaciones inapropiadas en Newsgroups, o cualquier actividad de correo no solicitado (comercial o privado) que pueda provocar alguna queja de un usuariou organizaci\u00f3n.<\/p>\n<p>Utilizar el servicio de correo electr\u00f3nico para hacer ofertas fraudulentas de compra o venta, as\u00ed como tambi\u00e9n, conducir cualquier tipo de fraude financiero.<\/p>\n<p>Enviar correos electr\u00f3nicos solicitando donaciones caritativas, peticiones de firmas o cualquier material relacionado que pueda ser considerado como fraudulento.<\/p>\n<p>Trasmitir a trav\u00e9s del servicio de correo electr\u00f3nico material ilegal,difamatorio abusivo, amenazante, da\u00f1ino, obsceno u objetable por su naturaleza; ya sea por su lenguaje, frecuencia o tama\u00f1o de los mensajes.<\/p>\n<p>Enviar emails con virus, caballos troyanos, gusanos, bombas de tiempo, o cualquier material que da\u00f1e los programas ajenos.Recolectar las respuestas de los mensajes electr\u00f3nicos no solicitados.<\/p>\n<p>Almacenar ni difundir direcciones de correo electr\u00f3nico sin el consentimiento de los propietarios.<\/p>\n<p>Transmitir correos electr\u00f3nicos en forma an\u00f3nima (sin especificar exactamente el remitente, la direcci\u00f3n de respuesta y\/o la direcci\u00f3n de correo electr\u00f3nico origen), creando una falsa identidad, encabezados u otros, para despistar la identidad de quien lo env\u00eda y\/o el origen del mensaje.<\/p>\n<p>Enviar m\u00e1s de diez (10) mensajes que sean id\u00e9nticos en su contenido a cualquier usuario o grupo de usuarios, listservs, foros, listas de direcciones de correos electr\u00f3nicos u otras listas de grupos similares.<\/p>\n<p>Enviar correo electr\u00f3nico a varios destinatarios (m\u00e1s de 10 receptores)sin proveer en el mensaje, un mecanismo efectivo de de-suscripci\u00f3n de dicha lista de correo.<\/p>\n<p>Utilizar listas de distribuci\u00f3n que contengan direcciones que incluyan aquellas que hayan solicitado la de-suscripci\u00f3n en la lista de correo.Mantener sitios web, que sean anunciados por medio de correos electr\u00f3nicos no deseados (SPAM), no importando el origen de \u00e9stos.<\/p>\n<p>Usar o distribuir cualquier programa computacional dise\u00f1ado para promover o efectuar el env\u00edo de correo no solicitado.Enviar material que viole la Ley de Propiedad Intelectual o derechos de terceros, incluyendo marcas registradas, copyright, etc.<\/p>\n<p>Sistema Diabetes no autoriza la recolecci\u00f3n o extracci\u00f3n de direcciones de correo electr\u00f3nico u otra informaci\u00f3n de o a trav\u00e9s del sitio web o de sus servicios. Sistema Diabetes no permite ni autoriza a otros a utilizar los servicios de Sistema Diabetes para recopilar, compilar u obtener informaci\u00f3n sobre sus clientes o suscriptores, incluyendo pero no limitado a las direcciones de correo electr\u00f3nico del suscriptor.<\/p>\n<p>Si Sistema Diabetes considera que se est\u00e1 haciendo uso indebido o no autorizado de cualquier servicio, puede, sin previo aviso, tomar las medidas que considere apropiadas, incluyendo el bloqueo de mensajes de un dominio de Internet, servidor de correo o direcci\u00f3n IP.<\/p>\n<p>Sistema Diabetes podr\u00e1 cancelar inmediatamente cualquier cuenta en cualquier servicio que, a su entera discreci\u00f3n, determine que est\u00e1 transmitiendo o est\u00e1 conectado de otra manera con cualquier correo electr\u00f3nico que viole esta pol\u00edtica.<\/p>\n<p>Nada en esta pol\u00edtica tiene la intenci\u00f3n de conceder ning\u00fan derecho a transmitir o enviar correo electr\u00f3nico a, o a trav\u00e9s de, el sitio web de Sistema Diabetes y\/o sus servicios. El incumplimiento de esta pol\u00edtica en todos los casos no equivale a una renuncia a los derechos de la empresa.El uso no autorizado de cualquier servicio de Sistema Diabetes relacionado con la transmisi\u00f3n de correo electr\u00f3nico no solicitado, incluyendo la transmisi\u00f3n de correo electr\u00f3nico en violaci\u00f3n de esta pol\u00edtica, puede dar lugar a sanciones civiles, penales o administrativas contra el remitente y los que asisten al remitente.Los infractores de la Ley CAN SPAM pueden estar sujetos a \u00f3rdenes de \u00abcesar y desistir\u00bb o multas de la FTC (Federal Trade Commission) de hasta $ 11,000 por violaci\u00f3n. El enjuiciamiento penal tambi\u00e9n es posible en el caso de delincuentes atroces, que pueden dar lugar a sanciones tales como multas, p\u00e9rdida del producto y equipo. Los peores delincuentes tambi\u00e9n pueden estar sujetos a prisi\u00f3n.<strong>Derechos de propiedad intelectual<\/strong>Todos los derechos de autor, marcas comerciales, patentes y otros derechos de propiedad intelectual dentro y en nuestro sitio web y todo el contenido y software que se encuentren en el sitio ser\u00e1n propiedad exclusiva de Sistema Diabetes o de sus licenciantes. El uso de nuestras marcas comerciales, contenido y propiedad intelectual est\u00e1 prohibido sin el consentimiento expreso por escrito de Sistema Diabetes.Usted no debe:<\/p>\n<p>Republicar material de nuestro sitio web sin consentimiento previo por escrito.<\/p>\n<p>Vender o alquilar material de nuestro sitio web.<\/p>\n<p>Reproducir, duplicar, crear derivados, copiar o de ninguna otra manera explotar el material en nuestro sitio web para cualquier prop\u00f3sito.Redistribuir cualquier contenido de nuestro sitio web, incluso en otro sitio web.<\/p>\n<p><strong>1. Condiciones<\/strong>Al acceder a este sitio web, usted acepta estar obligado por estos t\u00e9rminos del sitio web y condiciones de Uso, todas las leyes y reglamentos aplicables, y acepta que es responsable del cumplimiento de las leyes locales aplicables. Si usted no est\u00e1 de acuerdo con cualquiera de estos t\u00e9rminos, tiene prohibido el uso o acceso a este sitio. Los materiales contenidos en este sitio web est\u00e1n protegidos por derechos de autor y derecho de marcas.<strong>2. El acceso a este sitio<\/strong>Usted debe ser mayor de dieciocho (18) a\u00f1os o m\u00e1s, o ser mayor de edad legal en su \u00e1rea para ver el contenido de este sitio web. Si usted es menor de dieciocho a\u00f1os de edad, no se le permite tener acceso a este sitio web por ninguna raz\u00f3n. Debido a las restricciones de edad para el uso de este sitio web, ninguna informaci\u00f3n obtenida por este sitio web tiene cabida dentro de la ley de privacidad infantil en l\u00ednea (COPA) y no se controla.<strong>3. Aviso legal<\/strong>Aunque la informaci\u00f3n en este sitio es compatible con informaci\u00f3n v\u00e1lida y, a veces se basa en estudios cient\u00edficos y t\u00e9cnicos, los materiales de Sistema Diabetes se proporcionan \u201ctal cual\u201d. Este sitio web no hace ninguna garant\u00eda, expresa o impl\u00edcita, y por la presente renuncia y niega todas las otras garant\u00edas, incluyendo sin limitaci\u00f3n, garant\u00edas o condiciones impl\u00edcitas de comercializaci\u00f3n, idoneidad para un prop\u00f3sito particular o no infracci\u00f3n de la propiedad intelectual o cualquier otra violaci\u00f3n de los derechos. Adem\u00e1s, Sistema Diabetes no garantiza ni hace ninguna representaci\u00f3n con respecto a la exactitud, los resultados probables, o la fiabilidad de la utilizaci\u00f3n de los materiales en su sitio de Internet o de otro tipo relativo a los materiales o en cualquier sitio ligado a este sitio.La informaci\u00f3n contenida en este sitio web y la que figura en nuestros programas est\u00e1n pensadas como material de referencia y no como consejo profesional.La informaci\u00f3n contenida en este documento tiene la intenci\u00f3n de darle las herramientas para tomar decisiones informadas acerca de sus afecciones de salud.<strong>4. Descargo de responsabilidad Testimonial<\/strong>De acuerdo con las directrices de la FTC sobre el uso de testimonios en la publicidad, por favor, tenga en cuenta lo siguiente: los testimonios que aparecen en este sitio se reciben a trav\u00e9s de correo electr\u00f3nico. Son experiencias individuales que reflejan experiencias reales de vida de aquellos que han utilizado nuestros productos.Sin embargo, son los resultados de los individuos y los resultados var\u00edan seg\u00fan el individuo. No pretendemos que estos son los resultados t\u00edpicos que todos los consumidores lograr\u00e1n. Los testimonios no son necesariamente representativos de todos aquellos que utilizan nuestros productos.Los testimonios visibles en el sitio se les da pie de la letra con la excepci\u00f3n de la correcci\u00f3n de errores ortogr\u00e1ficos o gramaticales. Algunos testimonios se han acortado.Todos los testimonios son de las personas que verdaderamente est\u00e1n dispuestos a compartir sus experiencias reales. Sin embargo, sus verdaderos nombres y datos personales que podr\u00edan conducir a la identificaci\u00f3n de una persona que da un testimonio han sido alterados para proteger sus datos.En promedio, los usuarios que siguen nuestros programas ver resultados entre 30 y 90 d\u00edas.Adem\u00e1s, usted asume ciertos riesgos inherentes a los programas de nutrici\u00f3n, ejercicios y cambios de h\u00e1bitos al utilizar nuestros programas.No debe comenzar ninguno de nuestros programas si tiene una condici\u00f3n medica que hace que la actividad f\u00edsica sea peligrosa. Adem\u00e1s, todos nuestros programas requieren que siga un plan de alimentaci\u00f3n y, a veces, restrinja la cantidad de calor\u00edas que consume.No debe comenzar con nuestros programas si tiene problemas f\u00edsicos o psicol\u00f3gicos que hacen que el uso de manejos alternativos o fitoterap\u00e9uticos sea peligroso.Nuestros programas ofrecen un servicio educativo que proporciona informaci\u00f3n general de salud.Sistema Diabetesno es un m\u00e9dico, y su consejo no es un sustituto del asesoramiento m\u00e9dico.Por favor consulte a un m\u00e9dico antes de comenzar cualquier ejercicio o programa de dieta.<strong>5. Limitaciones<\/strong>En ning\u00fan caso la empresa (propietarios de este sitio web) o sus proveedores ser\u00e1n responsables por cualquier da\u00f1o (incluyendo, sin limitaci\u00f3n, da\u00f1os por p\u00e9rdida de datos o beneficios, o debido a la mala interpretaci\u00f3n y\/o aplicaci\u00f3n de la informaci\u00f3n) que surja del uso o la imposibilidad de utilizar los materiales de aqu\u00ed, incluso si el interesado ha sido notificado en forma oral o por escrito de la posibilidad de tales da\u00f1os.Debido a que algunas jurisdicciones no permiten limitaciones sobre garant\u00edas impl\u00edcitas o limitaciones de responsabilidad por da\u00f1os indirectos o incidentales, estas limitaciones pueden no aplicarse a usted.Usted tambi\u00e9n entiende que Sistema Diabetes no puede y no garantiza que los archivos disponibles para descargar de Internet est\u00e9n libres de virus, gusanos, troyanos u otro c\u00f3digo que se puede manifestar propiedades contaminantes o destructivas. Usted es responsable de implementar suficientes procedimientos y puntos de control para satisfacer sus requisitos particulares para la exactitud de los datos de entrada y salida, y para mantener un medio externo a este sitio para la reconstrucci\u00f3n de cualquier dato perdido. Este sitio web y sus propietarios no asume ninguna responsabilidad o riesgo por el uso de Internet.<strong>6. Indemnizaci\u00f3n<\/strong>Usted deber\u00e1 indemnizar y mantener a Sistema Diabetes, subsidiarias, filiales, licenciatarios, proveedores de contenido, proveedores de servicios, empleados, agentes, oficiales, directores, y los contratistas (en adelante, las \u201cPartes Indemnizadas\u201d) de cualquier violaci\u00f3n de estos T\u00e9rminos de uso por usted, incluyendo el uso del contenido fuera de lo expresamente autorizado en estas Condiciones de Uso.Usted acepta que las partes indemnizadas no tendr\u00e1 ninguna responsabilidad en relaci\u00f3n con cualquier violaci\u00f3n o uso no autorizado, y usted acepta indemnizar a todas y cada una consiguiente p\u00e9rdida, da\u00f1os, resoluciones judiciales, laudos, costos, gastos y honorarios de abogados de las partes indemnizadas en relaci\u00f3n con el mismo. Tambi\u00e9n deber\u00e1 indemnizar y mantener las partes indemnizadas, por y contra cualquier reclamaci\u00f3n presentada por terceros que surjan del uso de la informaci\u00f3n accesible desde este sitio.<strong>7. Licencia de uso<\/strong>Se concede permiso para que, despu\u00e9s de comprar, pueda usar los materiales de o en este sitio web para uso personal, no de forma comercial.<strong>8. Las revisiones y erratas<\/strong>Los materiales que aparecen en este sitio web puede incluir errores t\u00e9cnicos, tipogr\u00e1ficos o fotogr\u00e1ficos. Sistema Diabetes no garantiza que cualquiera de los materiales en su sitio web sea precisa, completa o actualizada. Sistema Diabetes puede hacer cambios a los materiales contenidos en su sitio web en cualquier momento sin previo aviso. Sistema Diabetes, sin embargo, se compromete a actualizar los materiales.<strong>9. Env\u00edos<\/strong>Usted otorga a nuestra empresa la libre de regal\u00edas, perpetua, irrevocable, mundial, no exclusivo y la licencia para usar, reproducir, modificar, adaptar, publicar, traducir, crear trabajos derivados, distribuir, ejecutar y mostrar todo el contenido, observaciones, sugerencias, ideas, gr\u00e1ficos u otra informaci\u00f3n comunicada a nuestra empresa a trav\u00e9s de este sitio (en conjunto, en lo sucesivo denominado \u201cPresentaci\u00f3n\u201d), e incorporar ninguna de las entregas en otros trabajos en cualquier forma, medio o tecnolog\u00eda conocida ahora o m\u00e1s adelante desarrollado.Sistema Diabetes no ser\u00e1 necesario para el tratamiento de ninguna de las entregas de forma confidencial, y podr\u00e1 utilizar ninguna de las entregas en su negocio (incluyendo, sin limitaci\u00f3n, para los productos o publicidad) sin incurrir en ninguna responsabilidad por los derechos de autor o cualquier otra consideraci\u00f3n de ning\u00fan tipo, y la voluntad No incurrir en ninguna responsabilidad como resultado de cualquier similitud que pueda aparecer en operaciones futuras.Nuestra empresa se dar\u00e1 a la informaci\u00f3n personal que usted env\u00ede a trav\u00e9s de este sitio de acuerdo con su pol\u00edtica de privacidad como se establece en este sitio.<strong>10. Enlaces<\/strong>Sistema Diabetes no ha revisado todos los sitios vinculados a su sitio web en Internet y no es responsable de los contenidos de dicho sitio. La inclusi\u00f3n de estos v\u00ednculos no implica aprobaci\u00f3n del sitio. El uso de cualquier sitio web vinculado como es bajo el propio riesgo del usuario.<strong>11. T\u00e9rminos de Uso Modificaciones<\/strong>Sistema Diabetes, propietario de Sistema Diabetes puede modificar estos t\u00e9rminos de uso de su sitio web en cualquier momento sin previo aviso. Mediante el uso de este sitio web, usted acepta quedar obligado por la versi\u00f3n actual de estos T\u00e9rminos y Condiciones de uso.<strong>Contacto<\/strong>Si Usted tiene alguna pregunta concerniente a esta pol\u00edtica, o al trato de nuestro sitio web, por favor cont\u00e1ctenos a la siguiente direcci\u00f3n de correo electr\u00f3nico contacto@sistemadiabetes.com<\/p>\n","protected":false},"excerpt":{"rendered":"<p>Responsabilidad Sistema Diabetes.com (\u00abSistema Diabetes\u00bb) es propiedad de, y es operado por, Sistema Diabetes LLC y\/o sus empresas vinculadas.Nuestra pol\u00edtica es crear productos asombrosos y mantener a nuestros clientes y prospectos con un alto grado de satisfacci\u00f3n. Nunca haremos nada que pueda enga\u00f1arlo o decepcionarlo, no le enviaremos spam o le espiaremos y jam\u00e1s compartiremos [&hellip;]<\/p>\n","protected":false},"author":1,"featured_media":0,"parent":0,"menu_order":0,"comment_status":"closed","ping_status":"closed","template":"","meta":{"footnotes":""},"class_list":["post-87","page","type-page","status-publish","hentry"],"_links":{"self":[{"href":"https:\/\/clases.vip\/sistemadiabetes\/wp-json\/wp\/v2\/pages\/87","targetHints":{"allow":["GET"]}}],"collection":[{"href":"https:\/\/clases.vip\/sistemadiabetes\/wp-json\/wp\/v2\/pages"}],"about":[{"href":"https:\/\/clases.vip\/sistemadiabetes\/wp-json\/wp\/v2\/types\/page"}],"author":[{"embeddable":true,"href":"https:\/\/clases.vip\/sistemadiabetes\/wp-json\/wp\/v2\/users\/1"}],"replies":[{"embeddable":true,"href":"https:\/\/clases.vip\/sistemadiabetes\/wp-json\/wp\/v2\/comments?post=87"}],"version-history":[{"count":3,"href":"https:\/\/clases.vip\/sistemadiabetes\/wp-json\/wp\/v2\/pages\/87\/revisions"}],"predecessor-version":[{"id":90,"href":"https:\/\/clases.vip\/sistemadiabetes\/wp-json\/wp\/v2\/pages\/87\/revisions\/90"}],"wp:attachment":[{"href":"https:\/\/clases.vip\/sistemadiabetes\/wp-json\/wp\/v2\/media?parent=87"}],"curies":[{"name":"wp","href":"https:\/\/api.w.org\/{rel}","templated":true}]}}