{"id":84,"date":"2023-09-12T15:51:25","date_gmt":"2023-09-12T15:51:25","guid":{"rendered":"https:\/\/clases.vip\/sistemadiabetes\/?page_id=84"},"modified":"2023-09-12T15:57:04","modified_gmt":"2023-09-12T15:57:04","slug":"politica","status":"publish","type":"page","link":"https:\/\/clases.vip\/sistemadiabetes\/politica\/","title":{"rendered":"Pol\u00edtica De Privacidad"},"content":{"rendered":"<h1 style=\"text-align: center;\">Pol\u00edtica De Privacidad<\/h1>\n<p>Su privacidad es muy importante para nosotros. En consecuencia, en Sistema Diabetes hemos desarrollado esta pol\u00edtica para que usted entienda c\u00f3mo recopilamos, usamos, comunicamos y hacemos uso de informaci\u00f3n personal. A continuaci\u00f3n, se describe nuestra Pol\u00edtica De Privacidad.<\/p>\n<p>Sistema Diabetes se compromete a garantizar que su privacidad est\u00e1 protegida. Si le pedimos que nos proporcione cierta informaci\u00f3n es para que pueda ser identificado cuando se utiliza este sitio web, entonces usted puede estar seguro de que s\u00f3lo se utilizar\u00e1 de acuerdo con esta declaraci\u00f3n de privacidad.<\/p>\n<p>Al igual que otros sitios web comerciales, nuestro sitio web utiliza una tecnolog\u00eda est\u00e1ndar denominada \u00abcookies\u00bb (vea la explicaci\u00f3n a continuaci\u00f3n, \u00ab\u00bfQu\u00e9 son las cookies?\u00bb) Y los registros del servidor web para recopilar informaci\u00f3n sobre c\u00f3mo se utiliza nuestro sitio web. La informaci\u00f3n recopilada a trav\u00e9s de las cookies y los registros del servidor web puede incluir la fecha y hora de las visitas, las p\u00e1ginas vistas, el tiempo que permanece en nuestro sitio web y los sitios web visitados justo antes y justo despu\u00e9s de nuestro sitio web.<\/p>\n<p><strong>Que son las cookies<\/strong><\/p>\n<p>Una cookie es un peque\u00f1o archivo que pide permiso para ser colocado en el disco duro de su computador y\/o tel\u00e9fono m\u00f3vil. Una vez que usted est\u00e1 de acuerdo, el archivo se a\u00f1ade y la cookie ayuda a analizar el tr\u00e1fico web o le permite saber cu\u00e1ndo usted visita un sitio en particular. Las cookies permiten que las aplicaciones web respondan a usted como individuo. La aplicaci\u00f3n web puede adaptar sus operaciones a sus necesidades, gustos y disgustos por recolectar y recordar la informaci\u00f3n acerca de sus preferencias.<\/p>\n<p>Utilizamos cookies de registro de tr\u00e1fico para identificar qu\u00e9 p\u00e1ginas se est\u00e1n utilizando. Esto nos ayuda a analizar los datos sobre el tr\u00e1fico web y mejorar nuestro sitio con el fin de adaptarlo a las necesidades del cliente. S\u00f3lo utilizamos esta informaci\u00f3n para fines de an\u00e1lisis estad\u00edstico y luego los datos se eliminan del sistema.<\/p>\n<p>En general, las cookies nos ayudan a ofrecerle un mejor sitio web, por lo que nos permite controlar las p\u00e1ginas que encuentra \u00fatiles y cu\u00e1les no. Una cookie de ninguna manera nos da acceso a su computadora o a cualquier informaci\u00f3n sobre usted, excepto los datos que usted decida compartir con nosotros.<\/p>\n<p>Puede elegir entre aceptar o rechazar las cookies. La mayor\u00eda de los navegadores web aceptan autom\u00e1ticamente las cookies, pero usted puede modificar la configuraci\u00f3n de su navegador para rechazar cookies si lo prefiere. Esto puede evitar que usted tome ventaja de la p\u00e1gina web.<\/p>\n<p><strong>Direcciones IP<\/strong><\/p>\n<p>Las direcciones IP son utilizadas por su computadora cada vez que se conecta a Internet. Su direcci\u00f3n IP es un n\u00famero que es utilizado por las computadoras en la red para identificar su computadora. Las direcciones IP son recopiladas autom\u00e1ticamente por nuestro servidor web como parte de los datos demogr\u00e1ficos y de perfil conocidos como \u00abdatos de tr\u00e1fico\u00bb para que esos datos (como las p\u00e1ginas web que usted solicite) puedan ser enviados a usted.<\/p>\n<p><strong>Informaci\u00f3n de correo electr\u00f3nico<\/strong><\/p>\n<p>Si elige comunicarse con nosotros a trav\u00e9s del correo electr\u00f3nico, podemos retener el contenido de sus mensajes de correo electr\u00f3nico junto con su direcci\u00f3n de correo electr\u00f3nico y nuestras respuestas. Proporcionamos las mismas protecciones para estas comunicaciones electr\u00f3nicas que empleamos en el mantenimiento de la informaci\u00f3n recibida en l\u00ednea, por correo y por tel\u00e9fono.<\/p>\n<p>Consulte nuestra p\u00e1gina de <a href=\"https:\/\/clases.vip\/sistemadiabetes\/responsabilidad\" target=\"_blank\" style=\"outline: none;\" rel=\"noopener\">descargo de responsabilidad<\/a> para obtener m\u00e1s informaci\u00f3n sobre nuestras pol\u00edticas de correo electr\u00f3nico y antispam.<\/p>\n<p><strong>Informaci\u00f3n que recolectamos o que recogemos<\/strong><\/p>\n<p>Podemos recopilar la siguiente informaci\u00f3n:<\/p>\n<p>Nombre y t\u00edtulo del trabajo;<\/p>\n<p>Informaci\u00f3n de contacto incluyendo direcci\u00f3n de correo electr\u00f3nico;Informaci\u00f3n demogr\u00e1fica, como c\u00f3digo postal, preferencias e intereses;<\/p>\n<p>Otra informaci\u00f3n pertinente a las encuestas a clientes y\/u ofertas<\/p>\n<p><strong>\u00bfQu\u00e9 hacemos con la informaci\u00f3n que recopilamos?<\/strong>Necesitamos esta informaci\u00f3n para entender sus necesidades y brindarle un mejor servicio, y en particular por las siguientes razones:<\/p>\n<p>Mantenimiento de registros internos;<\/p>\n<p>Podemos utilizar la informaci\u00f3n para mejorar nuestros productos y servicios;<\/p>\n<p>Poder enviarle correos electr\u00f3nicos promocionales sobre nuevos productos, ofertas especiales u otra informaci\u00f3n que creemos que puede resultar interesante a la direcci\u00f3n de correo electr\u00f3nico que usted ha proporcionado.<\/p>\n<p>De vez en cuando, tambi\u00e9n podemos utilizar su informaci\u00f3n para comunicarnos con usted con fines de investigaci\u00f3n de mercado. Podemos comunicarnos con usted por correo electr\u00f3nico, tel\u00e9fono o fax. Adem\u00e1s, utilizamos la informaci\u00f3n para personalizar el sitio web de acuerdo a sus intereses.<\/p>\n<p><strong>\u00bfC\u00f3mo protegemos y aseguramos su informaci\u00f3n?<\/strong><\/p>\n<p>El correo electr\u00f3nico no se reconoce como un medio seguro de comunicaci\u00f3n. Por este motivo, le pedimos que no nos env\u00ede informaci\u00f3n privada por correo electr\u00f3nico. Sin embargo, hacerlo est\u00e1 permitido, pero bajo su propio riesgo. Parte de la informaci\u00f3n que puede ingresar en nuestro sitio web puede transmitirse de forma segura a trav\u00e9s de un medio seguro conocido como Secure Sockets Layer o SSL.<\/p>\n<p>La informaci\u00f3n de tarjetas de cr\u00e9dito nunca se transmite por correo electr\u00f3nico.<\/p>\n<p>Sistema Diabetes puede utilizar programas de software para crear perfiles estad\u00edsticos, que se utilizan para fines tales como evaluar el n\u00famero de visitantes a las diferentes secciones de nuestro sitio, qu\u00e9 informaci\u00f3n es de m\u00e1s o menos inter\u00e9s, determinar especificaciones t\u00e9cnicas de dise\u00f1o e identificar el rendimiento del sistema o \u00e1reas problem\u00e1ticas.<\/p>\n<p>Para prop\u00f3sitos de seguridad del sitio y para garantizar que este servicio est\u00e9 disponible para todos los usuarios, Sistema Diabetes utiliza programas de software para supervisar el tr\u00e1fico de la red, para identificar intentos no autorizados de cargar o cambiar informaci\u00f3n, o causar da\u00f1os.<\/p>\n<p><strong>Cookies \u2013 Remarketing<\/strong><\/p>\n<p>Nuestra p\u00e1gina utiliza unos ficheros llamados \u201ccookies\u201d, que permiten identificarlo cuando regrese a nuestra p\u00e1gina y poder darle un trato m\u00e1s personalizado y relevante para usted.<\/p>\n<p>Adem\u00e1s, en cualquier momento usamos la funci\u00f3n de anuncios de remarketing, donde la plataforma publicitaria de Google AdWords y Facebook Ads nos permite identificarlo a trav\u00e9s de su IP y con ayuda de las cookies poderle mostrar anuncios de remarketing.<\/p>\n<p>La protecci\u00f3n de la privacidad es una de nuestras prioridades, por lo que ofrecemos una completa transparencia sobre la informaci\u00f3n que recopilamos y sobre c\u00f3mo vamos a utilizar esa informaci\u00f3n. En ning\u00fan caso recopilamos, vendemos ni compartimos informaci\u00f3n personal almacenada de los usuarios procedente de cookies de publicaci\u00f3n de anuncios sin su consentimiento.<\/p>\n<p>El usuario tiene la posibilidad de configurar su navegador para ser avisado de la recepci\u00f3n de cookies y para impedir su instalaci\u00f3n en su equipo.<\/p>\n<p>Asimismo, el usuario puede revisar en su navegador qu\u00e9 cookies tiene instaladas y cu\u00e1l es la fecha de caducidad de las mismas, as\u00ed como eliminarlas. Por favor, consulte las instrucciones y manuales de su navegador para ampliar esta informaci\u00f3n.<\/p>\n<p>Si prefiere que no aparezcan anuncios basados en sus intereses en los navegadores web que utiliza (anuncios de remarketing), puede hacer clic en cualquier momento en el bot\u00f3n \u00abInhabilitar\u00bb del <a href=\"https:\/\/www.google.com\/ads\/preferences\/?hl=es\" target=\"_blank\" rel=\"noopener\">administrador de preferencias de anuncios.<\/a><\/p>\n<p>Cuando accede a Internet a trav\u00e9s de un navegador web, Google tambi\u00e9n te ofrece una serie de opciones para guardar permanentemente la configuraci\u00f3n de inhabilitaci\u00f3n en tu navegador.<\/p>\n<p>Una vez que haya inhabilitado la opci\u00f3n, Google no volver\u00e1 a recopilar informaci\u00f3n sobre categor\u00edas de intereses y dejar\u00e1 de recibir anuncios basados en sus intereses a trav\u00e9s de Google al acceder a Internet mediante un navegador web.<\/p>\n<p>Podr\u00e1 inhabilitar el uso de cookies por parte de Google AdWords y Analytics al visitar la <a href=\"https:\/\/www.google.com\/settings\/ads\" target=\"_blank\" rel=\"noopener\">configuraci\u00f3n de anuncios de Google<\/a> que tiene en la actualidad.<\/p>\n<p>Tambi\u00e9n podr\u00e1s inhabilitar el uso de cookies de proveedores externos de la p\u00e1gina de inhabilitaci\u00f3n de Network Advertising Initiative (en ingl\u00e9s).<\/p>\n<p>Si desea mayor informaci\u00f3n al respecto lo invito a conocer el <a href=\"https:\/\/www.networkadvertising.org\/managing\/opt_out.asp\" target=\"_blank\" style=\"outline: none;\" rel=\"noopener\">complemento de inhabilitaci\u00f3n para navegadores de Google Analytics<\/a>.<\/p>\n<p>Las Cookies de Analytics de Google Inc. permiten realizar an\u00e1lisis del Sitio Web recopilando m\u00e9tricas de la navegaci\u00f3n del usuario tales como duraci\u00f3n de la visita al sitio web, p\u00e1ginas visitadas, procedencia geogr\u00e1fica del usuario, entre otras m\u00e9tricas.<\/p>\n<p>No podemos asumir ninguna responsabilidad en caso de que esta p\u00e1gina, o nuestro sistema de almacenamiento de datos sea penetrada por \u201chackers\u201d, lo que pueda causar un uso indebido de su informaci\u00f3n. Sin embargo, le garantizamos que siempre haremos lo posible para proteger nuestro sistema, con la tecnolog\u00eda que se encuentra a nuestro alcance, para impedir este tipo de violaciones.<\/p>\n<p>Al navegar en nuestra web y utilizar nuestros servicios, acepta la utilizaci\u00f3n de las cookies. Puede usted permitir, bloquear o eliminar las cookies instaladas en su equipo mediante la configuraci\u00f3n de las opciones del navegador instalado en su dispositivo. Por favor, consulte las instrucciones y manuales de su navegador para ampliar esta informaci\u00f3n; de igual manera a continuaci\u00f3n se proporciona la informaci\u00f3n necesaria de los principales navegadores:<\/p>\n<p><a href=\"https:\/\/support.google.com\/chrome\/answer\/95647?hl=es\" target=\"_blank\" rel=\"noopener\">Google Chrome<\/a>;<\/p>\n<p><a href=\"http:\/\/windows.microsoft.com\/es-xl\/internet-explorer\/delete-manage-cookies#ie=ie-8\" target=\"_blank\" rel=\"noopener\">Internet Explorer<\/a>;<\/p>\n<p><a href=\"https:\/\/support.mozilla.org\/es\/kb\/habilitar-y-deshabilitar-cookies-que-los-sitios-we\" target=\"_blank\" rel=\"noopener\">Firefox<\/a>.<\/p>\n<p>Nuestro sitio, as\u00ed como terceros proveedores, pueden utilizar datos de audiencia de terceros para optimizar a\u00fan m\u00e1s los anuncios que se muestran. Puede optar por no ver este tipo de publicidad en cualquier momento, <a href=\"https:\/\/www.google.com\/settings\/u\/0\/ads\/authenticated\" target=\"_blank\" style=\"outline: none;\" rel=\"noopener\">aqu\u00ed<\/a> y <a href=\"https:\/\/tools.google.com\/dlpage\/gaoptout\/\" target=\"_blank\" rel=\"noopener\">aqu\u00ed<\/a>.<\/p>\n<p><strong>Los enlaces a otros sitios web<\/strong><\/p>\n<p>Nuestro sitio web puede contener enlaces a otros sitios de inter\u00e9s. Sin embargo, una vez que haya utilizado estos enlaces para salir de nuestro sitio, debe tener en cuenta que no tenemos ning\u00fan control sobre ese otro sitio web. Por lo tanto, no podemos ser responsables de la protecci\u00f3n y la privacidad de cualquier informaci\u00f3n que usted proporcione al visitar estos sitios y estos sitios no se rigen por la presente declaraci\u00f3n de privacidad. Usted debe tener cuidado y leer la declaraci\u00f3n de privacidad aplicable al sitio web en cuesti\u00f3n.<\/p>\n<p>Cambios en las pol\u00edticas<\/p>\n<p>Nos reservamos el derecho de modificar esta pol\u00edtica de privacidad en cualquier momento con o sin previo aviso. Sin embargo, aseg\u00farese de que si la Pol\u00edtica de Privacidad cambia en el futuro, no utilizaremos la informaci\u00f3n personal que nos ha enviado en virtud de esta Pol\u00edtica de privacidad de una manera que sea materialmente inconsistente con esta Pol\u00edtica de privacidad sin su consentimiento previo.<\/p>\n<p>Estamos comprometidos a conducir nuestro negocio de acuerdo con estos principios para asegurar que la confidencialidad de la informaci\u00f3n personal esta protegida y mantenida.<\/p>\n<p>Contacto<\/p>\n<p>Si tiene alguna pregunta con respecto a esta pol\u00edtica o a sus relaciones comerciales con nuestro sitio web, p\u00f3ngase en <a href=\"https:\/\/clases.vip\/sistemadiabetes\/contacto\/\" target=\"_blank\" style=\"outline: none;\" rel=\"noopener\">contacto con nosotros<\/a>.<\/p>\n","protected":false},"excerpt":{"rendered":"<p>Pol\u00edtica De Privacidad Su privacidad es muy importante para nosotros. En consecuencia, en Sistema Diabetes hemos desarrollado esta pol\u00edtica para que usted entienda c\u00f3mo recopilamos, usamos, comunicamos y hacemos uso de informaci\u00f3n personal. A continuaci\u00f3n, se describe nuestra Pol\u00edtica De Privacidad. Sistema Diabetes se compromete a garantizar que su privacidad est\u00e1 protegida. Si le pedimos [&hellip;]<\/p>\n","protected":false},"author":1,"featured_media":0,"parent":0,"menu_order":0,"comment_status":"closed","ping_status":"closed","template":"","meta":{"footnotes":""},"class_list":["post-84","page","type-page","status-publish","hentry"],"_links":{"self":[{"href":"https:\/\/clases.vip\/sistemadiabetes\/wp-json\/wp\/v2\/pages\/84","targetHints":{"allow":["GET"]}}],"collection":[{"href":"https:\/\/clases.vip\/sistemadiabetes\/wp-json\/wp\/v2\/pages"}],"about":[{"href":"https:\/\/clases.vip\/sistemadiabetes\/wp-json\/wp\/v2\/types\/page"}],"author":[{"embeddable":true,"href":"https:\/\/clases.vip\/sistemadiabetes\/wp-json\/wp\/v2\/users\/1"}],"replies":[{"embeddable":true,"href":"https:\/\/clases.vip\/sistemadiabetes\/wp-json\/wp\/v2\/comments?post=84"}],"version-history":[{"count":3,"href":"https:\/\/clases.vip\/sistemadiabetes\/wp-json\/wp\/v2\/pages\/84\/revisions"}],"predecessor-version":[{"id":91,"href":"https:\/\/clases.vip\/sistemadiabetes\/wp-json\/wp\/v2\/pages\/84\/revisions\/91"}],"wp:attachment":[{"href":"https:\/\/clases.vip\/sistemadiabetes\/wp-json\/wp\/v2\/media?parent=84"}],"curies":[{"name":"wp","href":"https:\/\/api.w.org\/{rel}","templated":true}]}}