{"id":75,"date":"2023-09-12T15:36:00","date_gmt":"2023-09-12T15:36:00","guid":{"rendered":"https:\/\/clases.vip\/sistemadiabetes\/?page_id=75"},"modified":"2023-09-12T15:50:49","modified_gmt":"2023-09-12T15:50:49","slug":"terminos","status":"publish","type":"page","link":"https:\/\/clases.vip\/sistemadiabetes\/terminos\/","title":{"rendered":"T\u00e9rminos y Condiciones"},"content":{"rendered":"<h1 style=\"text-align: center;\">T\u00e9rminos y Condiciones<\/h1>\n<p>Bienvenido a <strong>Sistema Diabetes<\/strong>. Si contin\u00faa navegando y utilizando este sitio web, usted acepta cumplir y estar sujeto a los siguientes t\u00e9rminos y condiciones de uso, que junto con nuestra pol\u00edtica de privacidad gobiernan la relaci\u00f3n de ProtocoloDiabetes.com (propietario) con Usted (visitante) en relaci\u00f3n a este sitio web. Si no est\u00e1 de acuerdo con alguna parte de estos t\u00e9rminos y condiciones, por favor no utilice nuestro sitio web.El t\u00e9rmino \u201custed\u201d se refiere al usuario o visitante de nuestro sitio web.El uso de este sitio web est\u00e1 sujeta a las siguientes condiciones de uso:<\/p>\n<p>El contenido de las p\u00e1ginas de este sitio web es para su informaci\u00f3n y uso general. Est\u00e1 sujeto a cambios sin previo aviso.<\/p>\n<p>Ni nosotros ni ning\u00fan tercero ofrece una total garant\u00eda en cuanto a la exactitud, puntualidad, rendimiento, integridad o idoneidad de la informaci\u00f3n y los materiales encontrados u ofrecidos en este sitio para cualquier prop\u00f3sito en particular. Usted reconoce que dicha informaci\u00f3n y materiales pueden contener inexactitudes o errores y expreso excluimos la responsabilidad por cualquier inexactitud o errores en la m\u00e1xima medida permitida por la ley.<\/p>\n<p>El uso de cualquier informaci\u00f3n o materiales contenidos en este sitio web est\u00e1 totalmente bajo su propio riesgo por lo cual no nos hacemos responsables. Ser\u00e1 su propia responsabilidad asegurar que cualquier producto, servicio o informaci\u00f3n disponible a trav\u00e9s de este sitio Web cumpla sus necesidades espec\u00edficas.<\/p>\n<p>Este sitio web contiene material que es propiedad intelectual o licenciadas por nosotros. Este material incluye, pero no se limita a: el dise\u00f1o, presentaci\u00f3n, aspecto, apariencia y gr\u00e1ficos.<\/p>\n<p>La reproducci\u00f3n est\u00e1 prohibida salvo de conformidad con la nota de derechos de autor, que forma parte de estos t\u00e9rminos y condiciones.<\/p>\n<p>Todas las marcas reproducidas en Sistema Diabetes, que no son propiedad de Sistema Diabetes o con licencia para el operador, son reconocidas en el sitio web.<\/p>\n<p>El uso no autorizado de este sitio web puede dar lugar a una reclamaci\u00f3n por da\u00f1os y perjuicios y\/o constituir un delito penal.<\/p>\n<p>De vez en cuando, este sitio tambi\u00e9n puede incluir enlaces a otros sitios web. Estos enlaces son proporcionados para su conveniencia para proporcionar m\u00e1s informaci\u00f3n. Esto no significa que avalamos el\/los sitio (s) web(s). No tenemos ninguna responsabilidad sobre el contenido del sitio web vinculado (s). El uso de este sitio web y cualquier disputa que surja de ese uso de la p\u00e1gina web est\u00e1 sujeta a las leyes de USA.<\/p>\n<p>ContactoSi Usted tiene alguna pregunta concerniente a esta pol\u00edtica, o al trato de nuestro sitio web, por favor cont\u00e1ctenos a la siguiente direcci\u00f3n de correo electr\u00f3nico contacto@sistemadiabetes.com<\/p>\n","protected":false},"excerpt":{"rendered":"<p>T\u00e9rminos y Condiciones Bienvenido a Sistema Diabetes. Si contin\u00faa navegando y utilizando este sitio web, usted acepta cumplir y estar sujeto a los siguientes t\u00e9rminos y condiciones de uso, que junto con nuestra pol\u00edtica de privacidad gobiernan la relaci\u00f3n de ProtocoloDiabetes.com (propietario) con Usted (visitante) en relaci\u00f3n a este sitio web. Si no est\u00e1 de [&hellip;]<\/p>\n","protected":false},"author":1,"featured_media":0,"parent":0,"menu_order":0,"comment_status":"closed","ping_status":"closed","template":"","meta":{"footnotes":""},"class_list":["post-75","page","type-page","status-publish","hentry"],"_links":{"self":[{"href":"https:\/\/clases.vip\/sistemadiabetes\/wp-json\/wp\/v2\/pages\/75","targetHints":{"allow":["GET"]}}],"collection":[{"href":"https:\/\/clases.vip\/sistemadiabetes\/wp-json\/wp\/v2\/pages"}],"about":[{"href":"https:\/\/clases.vip\/sistemadiabetes\/wp-json\/wp\/v2\/types\/page"}],"author":[{"embeddable":true,"href":"https:\/\/clases.vip\/sistemadiabetes\/wp-json\/wp\/v2\/users\/1"}],"replies":[{"embeddable":true,"href":"https:\/\/clases.vip\/sistemadiabetes\/wp-json\/wp\/v2\/comments?post=75"}],"version-history":[{"count":4,"href":"https:\/\/clases.vip\/sistemadiabetes\/wp-json\/wp\/v2\/pages\/75\/revisions"}],"predecessor-version":[{"id":83,"href":"https:\/\/clases.vip\/sistemadiabetes\/wp-json\/wp\/v2\/pages\/75\/revisions\/83"}],"wp:attachment":[{"href":"https:\/\/clases.vip\/sistemadiabetes\/wp-json\/wp\/v2\/media?parent=75"}],"curies":[{"name":"wp","href":"https:\/\/api.w.org\/{rel}","templated":true}]}}