{"id":158,"date":"2023-09-19T15:59:59","date_gmt":"2023-09-19T15:59:59","guid":{"rendered":"https:\/\/clases.vip\/sistemadiabetes\/?page_id=158"},"modified":"2026-02-28T12:32:52","modified_gmt":"2026-02-28T12:32:52","slug":"sd","status":"publish","type":"page","link":"https:\/\/clases.vip\/sistemadiabetes\/","title":{"rendered":"Sistema Diabetes &#8211; VSL"},"content":{"rendered":"<h1 style=\"text-align: center;\"><span style=\"font-size: 56px !important;\">M\u00e1s de <strong><span><span>17,684&nbsp;<\/span><\/span><\/strong>Personas se han<\/span><strong><strong><span style=\"font-size: 56px !important;\"><\/span><span style=\"font-size: 58px !important;\">Olvidado de la Diabetes<\/span><\/strong><span style=\"font-size: 37px !important;\"><span><span><strong><span><\/span><\/strong><\/span><\/span><\/span><\/strong><\/h1>\n<h1 style=\"text-align: center;\"><span style=\"\"><span style=\"text-decoration: underline;\">Mira este video<\/span>: Descubre lo que parec\u00eda imposible -para sus doctores<\/span><span style=\"\">&#8211;<\/span><\/h1>\n<p>  <span><img decoding=\"async\" alt=\"\" data-id=\"160\" width=\"900\" data-init-width=\"1000\" height=\"536\" data-init-height=\"595\" title=\"bundleblue11\" src=\"https:\/\/clases.vip\/sistemadiabetes\/wp-content\/uploads\/2023\/09\/bundleblue11.jpg\" data-width=\"900\" data-height=\"536\" loading=\"lazy\" style=\"aspect-ratio: auto 1000 \/ 595;\"><\/span><span><img decoding=\"async\" alt=\"\" data-id=\"207\" width=\"777\" data-init-width=\"777\" height=\"124\" data-init-height=\"124\" title=\"\" src=\"https:\/\/clases.vip\/sistemadiabetes\/wp-content\/uploads\/2023\/09\/secure.png\" data-width=\"777\" data-height=\"124\" loading=\"lazy\" style=\"aspect-ratio: auto 777 \/ 124;\"><\/span><span><img decoding=\"async\" alt=\"\" data-id=\"162\" width=\"269\" data-init-width=\"283\" height=\"380\" data-init-height=\"400\" title=\"3\" loading=\"lazy\" src=\"https:\/\/clases.vip\/sistemadiabetes\/wp-content\/uploads\/2023\/09\/3.jpg\" data-width=\"269\" data-height=\"380\" style=\"aspect-ratio: auto 283 \/ 400;\"><\/span><\/p>\n<p style=\"text-align: center;\"><strong><span style=\"--tcb-applied-color: rgb(245, 0, 0) !important; color: rgb(245, 0, 0) !important;\">Descubrimiento #1:<\/span><\/strong> C\u00f3mo crear insulina a voluntad haciendo simple re-ingenier\u00eda corporal.<\/p>\n<p><span><img decoding=\"async\" alt=\"\" data-id=\"161\" width=\"181\" data-init-width=\"283\" height=\"256\" data-init-height=\"400\" title=\"2\" loading=\"lazy\" src=\"https:\/\/clases.vip\/sistemadiabetes\/wp-content\/uploads\/2023\/09\/2.jpg\" data-width=\"181\" data-height=\"256\" style=\"aspect-ratio: auto 283 \/ 400;\"><\/span><\/p>\n<p style=\"text-align: center;\"><strong><span style=\"--tcb-applied-color: rgb(245, 0, 0) !important; color: rgb(245, 0, 0) !important;\">Descubrimiento #2:<\/span><\/strong> La causa real de la diabetes, (aunque te cueste creerlo, no est\u00e1 en el p\u00e1ncreas.<\/p>\n<p><span><img decoding=\"async\" alt=\"\" data-id=\"163\" width=\"181\" data-init-width=\"283\" height=\"256\" data-init-height=\"400\" title=\"1_rekcMM\" loading=\"lazy\" src=\"https:\/\/clases.vip\/sistemadiabetes\/wp-content\/uploads\/2023\/09\/1_rekcMM.jpg\" data-width=\"181\" data-height=\"256\" style=\"aspect-ratio: auto 283 \/ 400;\"><\/span><\/p>\n<p style=\"text-align: center;\"><strong><span style=\"--tcb-applied-color: rgb(245, 0, 0) !important; color: rgb(245, 0, 0) !important;\">Descubrimiento #3:<\/span><\/strong> La raz\u00f3n por la cual la industria farmac\u00e9utica te ha estado enga\u00f1ando.<\/p>\n<p><span><img decoding=\"async\" alt=\"\" data-id=\"164\" width=\"181\" data-init-width=\"283\" height=\"256\" data-init-height=\"400\" title=\"4_Gy1Df0\" loading=\"lazy\" src=\"https:\/\/clases.vip\/sistemadiabetes\/wp-content\/uploads\/2023\/09\/4_Gy1Df0.jpg\" data-width=\"181\" data-height=\"256\" style=\"aspect-ratio: auto 283 \/ 400;\"><\/span><\/p>\n<p style=\"text-align: center;\"><strong><span style=\"--tcb-applied-color: rgb(245, 0, 0) !important; color: rgb(245, 0, 0) !important;\">Descubrimiento #4:<\/span><\/strong> Los Super Alimentos de f\u00e1cil asimilaci\u00f3n que te hacen bajar el az\u00facar en picada<\/p>\n<p>Lo que no pudo hacer la metformina, ni las dietas, ni todos los ejercicios que hac\u00eda; lo hizo Sistema Diabetes dos meses.<\/p>\n<p>Es incre\u00edble ver como mis niveles de az\u00facar se restablecen en tan corto tiempo y pude volver a comer rico de nuevo.<\/p>\n<p><strong>Maria Campos<\/strong> &#8211; Asesora comercial<\/p>\n<p><span style=\"width: 100%;\"><img decoding=\"async\" alt=\"\" width=\"122\" height=\"146\" title=\"mtc3\" data-id=\"42\" src=\"https:\/\/clases.vip\/sistemadiabetes\/wp-content\/uploads\/2023\/09\/mtc3.jpg\" style=\"aspect-ratio: auto 212 \/ 254;\" data-width=\"122\" data-height=\"146\" data-init-width=\"212\" data-init-height=\"254\" loading=\"lazy\"><\/span><\/p>\n<p>Desde mi abuelo hasta mi padre eran diab\u00e9ticos y por consiguiente herede la enfermedad desde joven, pero estaba equivocado a todo lo que sab\u00eda.<\/p>\n<p>Desconoc\u00eda que la soluci\u00f3n nos la ofrece el cuerpo y la misma naturaleza al equilibrar lo que el doctor explica en las gu\u00edas; todo un alivio para mi.<\/p>\n<p><strong>Tomas Lopez<\/strong> &#8211; Administrador<\/p>\n<p><span style=\"width: 100%;\"><img decoding=\"async\" alt=\"\" width=\"130\" height=\"130\" title=\"sd-TomasLpz_lrkvbd\" data-id=\"167\" src=\"https:\/\/clases.vip\/sistemadiabetes\/wp-content\/uploads\/2023\/09\/sd-TomasLpz_lrkvbd.jpg\" style=\"aspect-ratio: auto 300 \/ 300;\" data-width=\"130\" data-height=\"130\" data-init-width=\"300\" data-init-height=\"300\" loading=\"lazy\"><\/span><\/p>\n<p style=\"text-align: center;\"><a data-tcb_hover_state_parent=\"\" href=\"https:\/\/clases.vip\/sistemadiabetes\/o\/guia\/\" style=\"outline: none;\"><strong>Prefieres leer? Haz Click Aqu\u00ed<\/strong><\/a><\/p>\n<p style=\"text-align: center;\"><a href=\"https:\/\/clases.vip\/sistemadiabetes\/o\/terminos\" rel=\"nofollow\" style=\"outline: none;\" target=\"_blank\">T\u00e9rminos<\/a> | <a href=\"https:\/\/clases.vip\/sistemadiabetes\/o\/politica-de-privacidad\/\" rel=\"nofollow\" style=\"outline: none;\" target=\"_blank\">Pol\u00edtica<\/a> | <a href=\"https:\/\/clases.vip\/sistemadiabetes\/o\/pago-seguro\" style=\"outline: none;\" target=\"_blank\">Descarga<\/a> | <a href=\"https:\/\/clases.vip\/sistemadiabetes\/o\/contacto\" rel=\"nofollow\" style=\"outline: none;\" target=\"_blank\">Contacto<\/a> | <a href=\"https:\/\/clases.vip\/sistemadiabetes\/o\/referencias\" rel=\"nofollow\" style=\"outline: none;\" target=\"_blank\">Referencias<\/a><\/p>\n<p style=\"text-align: center;\">\u00a9 &nbsp;Sistema Diabetes. Todos los derechos reservados <span data-attr-id=\"Y\" data-extra_key=\"Y\" data-option-inline=\"1\" data-shortcode=\"thrv_dynamic_data_date\" data-shortcode-name=\"Year (2029)\" style=\"\">2026<\/span><\/p>\n<p style=\"text-align: center;\">Los productos, informaci\u00f3n, datos y contenidos ofrecidos por el vendedor en esta p\u00e1gina web son \u00fanicamente con el objetivo de educar y no pretenden ser ser un substituto del consejo, diagnostico y\/o tratamiento de un m\u00e9dico profesional o de cualquier otro profesional de la salud con licencia. En caso que surja un problema con uno de los productos, los compradores aceptan que se podr\u00e1 resolver mediante el sistema de soporte del vendedor y siguiendo las pol\u00edticas de reembolso ofrecidos por la garant\u00eda. Este producto contiene lenguaje y situaciones de orientaci\u00f3n adulta y no est\u00e1 destinado a usuarios menores de 18 a\u00f1os.Descargo de responsabilidad: Este sitio, todas sus publicaciones, afirmaciones y declaraciones corresponden a un servicio informativo comparable a lo que se puede leer en un peri\u00f3dico o una revista, escuchar en la radio o ver en la televisi\u00f3n y est\u00e1n basados en la investigaci\u00f3n, entrenamiento, educaci\u00f3n y en la experiencia real de su autor \u00abGabriel\u00bb, pero han sido modificada en varias formas, incluyendo: la historia, los nombres, las fotos y los testimonios, para preservar el anonimato y privacidad de sus protagonistas, cuyo nombre corresponde a un seud\u00f3nimo, as\u00ed como los dem\u00e1s participantes de la historia. La informaci\u00f3n que es puesta a disposici\u00f3n de los usuarios en sistemadiabetes.com no debe ser tomada como un asesoramiento profesional personalizado o a distancia, ni como asesoramiento m\u00e9dico espec\u00edfico.Los resultados pueden variar. Todos los testimonios presentados anteriormente son reales y fueron escritos por usuarios reales, clientes o seguidores de \u00abSistema Diabetes\u00bb. Por favor tome en cuenta que estos testimonios no representan necesariamente los resultados t\u00edpicos del programa Sistema Diabetes. Para preservar la privacidad del autor Gabriel es un Pseud\u00f3nimo. El contenido es s\u00f3lo para fines informativos, no pretende ser un substituto de consejo m\u00e9dico profesional, diagn\u00f3stico o tratamiento. Siempre busque el consejo de su m\u00e9dico u otro proveedor de salud calificado con cualquier pregunta que usted pueda tener respecto a cualquier m\u00e9dica. Nunca ignore los consejos m\u00e9dicos o el retraso en la b\u00fasqueda por algo que haya le\u00eddo en este sitio web.Si usted cree que tiene una emergencia m\u00e9dica, llame al 911 o a su m\u00e9dico inmediatamente. Este sitio web no recomienda ni respalda ninguna prueba m\u00e9dica espec\u00edfica, as\u00ed como tampoco recomienda m\u00e9dicos, productos, o procedimientos. Su uso y dependencia en cualquier consejo o informaci\u00f3n obtenida en este sitio web es bajo su propio riesgo y responsabilidad.&nbsp;Al entrar y utilizar este sitio web usted asume cualquier riesgo y acepta todos nuestros T\u00e9rminos y Condiciones de Uso del Sitio, Exenci\u00f3n de Responsabilidad, y cualquier otra pol\u00edtica que signifique el uso de \u00e9ste. Tenga en cuenta que la informaci\u00f3n y publicaciones hechas en sistemadiabetes.com no inducen al uso de procedimientos milagrosos.<\/p>\n","protected":false},"excerpt":{"rendered":"<p>M\u00e1s de 17,684&nbsp;Personas se hanOlvidado de la Diabetes Mira este video: Descubre lo que parec\u00eda imposible -para sus doctores&#8211; Descubrimiento #1: C\u00f3mo crear insulina a voluntad haciendo simple re-ingenier\u00eda corporal. Descubrimiento #2: La causa real de la diabetes, (aunque te cueste creerlo, no est\u00e1 en el p\u00e1ncreas. Descubrimiento #3: La raz\u00f3n por la cual la [&hellip;]<\/p>\n","protected":false},"author":1,"featured_media":0,"parent":0,"menu_order":0,"comment_status":"closed","ping_status":"closed","template":"","meta":{"footnotes":""},"class_list":["post-158","page","type-page","status-publish","hentry"],"_links":{"self":[{"href":"https:\/\/clases.vip\/sistemadiabetes\/wp-json\/wp\/v2\/pages\/158","targetHints":{"allow":["GET"]}}],"collection":[{"href":"https:\/\/clases.vip\/sistemadiabetes\/wp-json\/wp\/v2\/pages"}],"about":[{"href":"https:\/\/clases.vip\/sistemadiabetes\/wp-json\/wp\/v2\/types\/page"}],"author":[{"embeddable":true,"href":"https:\/\/clases.vip\/sistemadiabetes\/wp-json\/wp\/v2\/users\/1"}],"replies":[{"embeddable":true,"href":"https:\/\/clases.vip\/sistemadiabetes\/wp-json\/wp\/v2\/comments?post=158"}],"version-history":[{"count":15,"href":"https:\/\/clases.vip\/sistemadiabetes\/wp-json\/wp\/v2\/pages\/158\/revisions"}],"predecessor-version":[{"id":186,"href":"https:\/\/clases.vip\/sistemadiabetes\/wp-json\/wp\/v2\/pages\/158\/revisions\/186"}],"wp:attachment":[{"href":"https:\/\/clases.vip\/sistemadiabetes\/wp-json\/wp\/v2\/media?parent=158"}],"curies":[{"name":"wp","href":"https:\/\/api.w.org\/{rel}","templated":true}]}}